{"id":2,"date":"2025-09-13T14:02:20","date_gmt":"2025-09-13T14:02:20","guid":{"rendered":"https:\/\/lescreac.pubdom.net\/?page_id=2"},"modified":"2025-12-01T14:09:02","modified_gmt":"2025-12-01T14:09:02","slug":"conditions-generales-vente","status":"publish","type":"page","link":"https:\/\/lescreac.fr\/?page_id=2","title":{"rendered":"Conditions g\u00e9n\u00e9rales de vente"},"content":{"rendered":"\t\t<div data-elementor-type=\"wp-page\" data-elementor-id=\"2\" class=\"elementor elementor-2\" data-elementor-post-type=\"page\">\n\t\t\t\t<div class=\"elementor-element elementor-element-7f2ab22d e-flex e-con-boxed e-con e-parent\" data-id=\"7f2ab22d\" data-element_type=\"container\" data-e-type=\"container\">\n\t\t\t\t\t<div class=\"e-con-inner\">\n\t\t\t\t<div class=\"elementor-element elementor-element-3fd56444 elementor-widget elementor-widget-text-editor\" data-id=\"3fd56444\" data-element_type=\"widget\" data-e-type=\"widget\" data-widget_type=\"text-editor.default\">\n\t\t\t\t\t\t\t\t\t\n<h5><strong>CONDITIONS G\u00c9N\u00c9RALES DE VENTES<\/strong><\/h5>\n<ul>\n<li><u>Article 1 : Pr\u00e9ambule<\/u><\/li>\n<\/ul>\n<p>Le site de vente en ligne\u00a0<strong><em>lescreac.fr<\/em><\/strong>\u00a0est g\u00e9r\u00e9 par la soci\u00e9t\u00e9\u00a0<strong>Les Cr\u00e9a C\u2019<\/strong>, dont le si\u00e8ge social est situ\u00e9 \u00e0 NAILLY (89100), immatricul\u00e9e RCS de SENS sous le n\u00b0952\u00a0627\u00a0024.<\/p>\n<p>Il est pr\u00e9alablement pr\u00e9cis\u00e9 que les pr\u00e9sentes conditions r\u00e9gissent les ventes de ses Produits par\u00a0<strong>Les Cr\u00e9a C\u2019<\/strong>\u00a0aupr\u00e8s de toute personne physique ou morale proc\u00e9dant \u00e0 un achat via le site internet\u00a0<strong><em>lescreac.fr<\/em><\/strong>,\u00a0d\u00e9nomm\u00e9e ci-apr\u00e8s \u201cle CLIENT\u201d.<\/p>\n<p>Les pr\u00e9sentes Conditions G\u00e9n\u00e9rales de Vente (CGV) s\u2019appliquent \u00e0 toutes les ventes de Produits, effectu\u00e9es au travers du site internet <strong>lescreac.fr<\/strong> qui sont partis int\u00e9grante du contrat entre <strong>Les Cr\u00e9a C\u2019 <\/strong>et l\u2019Acheteur.<\/p>\n<p><strong>Les Cr\u00e9a C\u2019 <\/strong>se r\u00e9serve la possibilit\u00e9 de modifier les pr\u00e9sentes, \u00e0 tout moment par la publication d\u2019une nouvelle version sur son site Internet. Les CGV applicables alors sont celles \u00e9tant en vigueur \u00e0 la date du paiement (ou du premier paiement en cas de paiements multiples) de la commande. Ces CGV sont consultables sur le site Internet <em>lescreac.fr<\/em>.<\/p>\n<ul>\n<li><u>Article 2 : Objet <\/u><\/li>\n<\/ul>\n<p>Les pr\u00e9sentes Conditions G\u00e9n\u00e9rales de Vente d\u00e9crites ci-apr\u00e8s d\u00e9taillent les droits et obligations de la soci\u00e9t\u00e9 Les Cr\u00e9a C\u2019et le Client dans le cadre de la vente des Produits vendus sur le site<em> lescreac.fr<\/em>.<\/p>\n<p>Elles s&rsquo;appliquent, sans restriction ni r\u00e9serve \u00e0 l&rsquo;ensemble des ventes conclues par\u00a0Les Cr\u00e9a C\u2019 aupr\u00e8s de consommateurs et d&rsquo;acheteurs non professionnels (\u00ab Les Clients ou le Client \u00bb) (\u00e9galement d\u00e9sign\u00e9s individuellement comme \u00ab une Partie \u00bb et collectivement comme \u00ab les Parties \u00bb) d\u00e9sirant acqu\u00e9rir les Produits propos\u00e9s \u00e0 la vente par\u00a0 Les Cr\u00e9a C\u2019 (\u00ab Les Produits \u00bb) sur son Site Internet <em>lescreac.fr<\/em>.<\/p>\n<p>Ces\u00a0Conditions\u00a0G\u00e9n\u00e9rales\u00a0de\u00a0Vente\u00a0sont syst\u00e9matiquement communiqu\u00e9es \u00e0 tout Client pr\u00e9alablement \u00e0 la passation de commande et pr\u00e9vaudront, le cas \u00e9ch\u00e9ant, sur toute autre version ou tout autre document contradictoire.<\/p>\n<p>Elles sont accessibles et consultables \u00e0 tout moment sur le site Internet <em>lescreac.fr<\/em>.<\/p>\n<p>Le Client d\u00e9clare avoir pris connaissance de l\u2019ensemble des pr\u00e9sentes Conditions G\u00e9n\u00e9rales de Vente, et le cas \u00e9ch\u00e9ant des Conditions Particuli\u00e8res de Vente li\u00e9es \u00e0 un produit ou \u00e0 un service, et les accepter sans restriction ni r\u00e9serve. Le Client reconna\u00eet qu\u2019il a b\u00e9n\u00e9fici\u00e9 des conseils et informations n\u00e9cessaires afin de s\u2019assurer de l\u2019ad\u00e9quation de l\u2019offre \u00e0 ses besoins.<\/p>\n<ul>\n<li><u>Article 3 : Produits <\/u><\/li>\n<\/ul>\n<p>Les Produits propos\u00e9s sont ceux qui figurent sur le site <em>lescreac.fr<\/em>, dans la limite des stocks disponibles.<\/p>\n<p>La soci\u00e9t\u00e9 Les Cr\u00e9a C\u2019 se r\u00e9serve le droit de modifier l&rsquo;assortiment de Produits.<\/p>\n<p>Les Produits propos\u00e9s sur le site\u00a0<em>lescreac.fr<\/em>\u00a0sont accompagn\u00e9s de plusieurs photographies, d\u2019une fiche produit avec le descriptif des mati\u00e8res et couleurs ainsi que les caract\u00e9ristiques de chaque produit. Vous y trouverez \u00e9galement les caract\u00e9ristiques pour la personnalisation.<\/p>\n<p>Avant toute passation de commande, le Client est invit\u00e9 \u00e0 se reporter au descriptif de chaque Produit afin d&rsquo;en conna\u00eetre les propri\u00e9t\u00e9s et les particularit\u00e9s essentielles ainsi que ses conditions de garanties et de retour. Le choix et l&rsquo;achat d&rsquo;un Produit est de la seule responsabilit\u00e9 du Client.<\/p>\n<p>Ces informations ne sont pas contractuelles. Les couleurs des pelotes\/fils peuvent vari\u00e9s en fonction de la luminosit\u00e9 des \u00e9crans mais \u00e9galement du num\u00e9ro de bain. Les fils \u00e0 motifs peuvent \u00eatre compl\u00e9tement diff\u00e9rents avec des nuances uniques, par exemple si vous commandez deux sacs de la m\u00eame r\u00e9f\u00e9rence, il est possible qu&rsquo;ils aient un rendu final diff\u00e9rent.\u00a0<\/p>\n<p>Ces diff\u00e9rences ne pourront pas \u00eatre interpr\u00e9t\u00e9es comme des d\u00e9fauts de conformit\u00e9 et entrainer l\u2019annulation de la vente, sans pr\u00e9judice pour le Client de l\u2019exercice du droit de r\u00e9traction.<\/p>\n<ul>\n<li><u>Article 5 : Prix et Modalit\u00e9s de paiement<\/u><\/li>\n<\/ul>\n<p>Le prix des Produits sera celui indiqu\u00e9 \u00e0 tout moment sur notre site <em>lescreac.fr<\/em>, sauf en cas d&rsquo;erreur manifeste. Des erreurs peuvent se produire en d\u00e9pit de tous mes efforts afin de m\u2019assurer que les prix indiqu\u00e9s sur le site sont exacts. Si je d\u00e9c\u00e8le une erreur dans le prix du ou des produit(s) que vous avez command\u00e9(s), je vous en informerai dans les plus brefs d\u00e9lais et vous proposerai soit de confirmer votre commande au prix correct, soit d&rsquo;annuler cette commande. Si je n&rsquo;arrive pas \u00e0 vous contacter, la commande sera consid\u00e9r\u00e9e comme annul\u00e9e et je vous rembourserai l&rsquo;int\u00e9gralit\u00e9 des montants pay\u00e9s.\u00a0<\/p>\n<p>Ils sont libell\u00e9s en Euros (\u20ac) et s&rsquo;\u00e9tendent toutes taxes comprises (le montant de la TVA peut varier en fonction du pays de destination), hors frais de livraisons qui reste \u00e0 la charge du client sauf mentions ou conditions particuli\u00e8res \u00e0 l&rsquo;occasion de l&rsquo;achat.<\/p>\n<p>Le r\u00e8glement des commandes s\u2019effectue :<\/p>\n<p>\u2013 par carte bancaire via une plateforme s\u00e9curis\u00e9e<\/p>\n<p>\u2013 par PayPal (<a href=\"http:\/\/www.paypal.fr\/\">www.paypal.fr<\/a>)<\/p>\n<ul>\n<li>Par virement bancaire<\/li>\n<li>Par carte cadeau<\/li>\n<\/ul>\n<p>Suite \u00e0 l\u2019enregistrement de la commande, l\u2019acheteur devra r\u00e9gler l\u2019int\u00e9gralit\u00e9 du montant de la commande, qui ne sera envoy\u00e9e qu\u2019\u00e0 r\u00e9ception du r\u00e8glement et de sa validation par la banque.<br \/>Les Cr\u00e9a C\u2019 se r\u00e9serve le droit d\u2019annuler toute commande d\u2019un acheteur avec lequel il existerait un litige de paiement ant\u00e9rieur.<\/p>\n<p>Les prix des cr\u00e9ations vendues sont ceux en vigueur au jour de la prise de commande.\u00a0Ces tarifs sont fermes et non r\u00e9visables pendant leur p\u00e9riode de validit\u00e9, telle qu&rsquo;indiqu\u00e9 sur le site internet, Les Cr\u00e9a C\u2019 se r\u00e9servant le droit, hors cette p\u00e9riode de validit\u00e9, de modifier les prix \u00e0 tout moment et sans pr\u00e9avis en raison du cadre \u00e9conomique et de l\u2019augmentation des prix par les divers fournisseurs.<\/p>\n<ul>\n<li><u>5.1 Paiement par carte cadeau<\/u><\/li>\n<\/ul>\n<p>On vous a offert une carte cadeau ? Vous en avez de la chance !<\/p>\n<p>D&rsquo;une dur\u00e9e d&rsquo;un an, la carte cadeau peut \u00eatre utilis\u00e9e sans minimum d&rsquo;achat. La carte cadeau peut \u00eatre utilis\u00e9e aussi souvent que son titulaire le souhaite, jusqu\u2019\u00e0 ce que son montant total soit \u00e9puis\u00e9 et ce pendant sa p\u00e9riode de validit\u00e9.<\/p>\n<p>\u00c0 l\u2019expiration de la dur\u00e9e de validit\u00e9, la carte cadeau ne peut pas \u00eatre renouvel\u00e9e ni utilis\u00e9e pour effectuer des achats, et aucun solde disponible de la carte cadeau ne peut \u00eatre r\u00e9clam\u00e9.\u00a0<\/p>\n<p>Le solde disponible de la carte cadeau ne peut pas \u00eatre rembours\u00e9.<\/p>\n<ul>\n<li><u>Article 6 : Conditions de livraison<\/u><\/li>\n<\/ul>\n<p>Le d\u00e9lai de livraison peut varier selon le carnet de commande, 2 \u00e0 6 semaines pour les cr\u00e9ations, cela peut varier selon les p\u00e9riodes de l\u2019ann\u00e9e.<\/p>\n<p>Les Produits sont livr\u00e9s \u00e0 l\u2019adresse de livraison indiqu\u00e9e au cours du processus de commande. Les Cr\u00e9a C\u2019 d\u00e9cline toute responsabilit\u00e9 en cas de retard ou d\u2019absence de livraison ayant pour origine la transmission d\u2019\u00e9l\u00e9ments erron\u00e9s ou incomplets concernant l\u2019adresse de livraison que vous m\u2019aurez indiqu\u00e9s. Dans ce contexte, les frais engag\u00e9s pour r\u00e9exp\u00e9dition de la commande seront \u00e0 la charge du client.<\/p>\n<p>Toutefois le client est tenu de v\u00e9rifier l&rsquo;\u00e9tat du colis livr\u00e9 et, le cas \u00e9ch\u00e9ant, de le refuser s&rsquo;il est endommag\u00e9.<\/p>\n<p>Si \u00e0 l&rsquo;ouverture du colis, le client constate un d\u00e9faut apparent (ex : article endommag\u00e9, article manquant&#8230;), il doit contacter notre service client dans les deux (2) jours suivant la r\u00e9ception. Si aucune r\u00e9clamation n&rsquo;est formul\u00e9e dans ce d\u00e9lai, le colis est r\u00e9put\u00e9 accept\u00e9 en l&rsquo;\u00e9tat, exempt de tout vice apparent et confirme.<\/p>\n<p>Toutes nos commandes sont exp\u00e9di\u00e9es avec un num\u00e9ro de suivi.<\/p>\n<p>Concernant la livraison, je propose l\u2019envoi en lettre suivie, Colissimo ou Mondial Relay. Comme stipul\u00e9 sur mon site, les d\u00e9lais de livraisons annonc\u00e9s se rapportent aux services postaux. Le d\u00e9lai de livraison est donc bien diff\u00e9rent du d\u00e9lai de fabrication.<\/p>\n<p>A partir de l\u2019exp\u00e9dition de la commande, les d\u00e9lais moyens de livraisons sont les suivants :<\/p>\n<p>\u2013 2 \u00e0 3 jours ouvr\u00e9s en lettre suivie pour la France.<\/p>\n<p>\u2013 5 \u00e0 10 jours ouvr\u00e9s en lettre suivie pour l\u2019international.<\/p>\n<p>\u2013 2 \u00e0 5 jours ouvr\u00e9s en Colissimo pour la France.<\/p>\n<p>\u2013 5 \u00e0 10 jours ouvr\u00e9s en Colissimo pour l\u2019international.<\/p>\n<p>\u2013 3 \u00e0 6 jours en Mondial Relay pour la France<\/p>\n<p>Les Cr\u00e9a C\u2019 et La Poste \u00e9tant des entit\u00e9s distinctes et ind\u00e9pendantes, Les Cr\u00e9a C\u2019 ne peut \u00eatre tenu responsable pour un quelconque retard ou erreur de livraison ou perte de colis par la Poste.<\/p>\n<p>Merci de bien v\u00e9rifier l\u2019adresse de livraison que vous indiquez. Si celle-ci est erron\u00e9e et que le colis nous a \u00e9t\u00e9 renvoy\u00e9, nous serons dans l\u2019obligation de vous facturer \u00e0 nouveau les frais de port pour la r\u00e9exp\u00e9dition.<\/p>\n<ul>\n<li>\u00a0<u>Article 7 : Retour des Produits.<\/u><\/li>\n<\/ul>\n<p>Conform\u00e9ment \u00e0 l\u2019article L.121-20 du Code de la Consommation, pour toutes op\u00e9rations de ventes \u00e0 distances, l\u2019acheteur dispose d\u2019un d\u00e9lai de 14 jours \u00e0 compter de la r\u00e9ception de vos Produits pour faire retour du produit au vendeur pour \u00e9change ou remboursement, sans p\u00e9nalit\u00e9s \u00e0 l\u2019exception des frais de retour,\u00a0\u00e0 condition que les Produits soient retourn\u00e9s dans leur emballage d&rsquo;origine et en parfait \u00e9tat dans les\u00a014 jours au plus suivant la notification au Vendeur de la d\u00e9cision de r\u00e9tractation du Client.<\/p>\n<p>Au-del\u00e0 de ce d\u00e9lai, les retours ne seront pas accept\u00e9s, tout colis dont le cachet montre une date sup\u00e9rieure aux 14 jours seront refus\u00e9s.<\/p>\n<p>Exception pour tous les articles personnalis\u00e9s, aucun retour ne pourra \u00eatre fait. (Tous les articles de la cat\u00e9gorie Cr\u00e9ations ou autres articles confectionn\u00e9s \u00e0 la demande du client).<\/p>\n<p>Toute d\u00e9fectuosit\u00e9 concernant la livraison (produit manquant ou cass\u00e9, colis endommag\u00e9) devra imp\u00e9rativement \u00eatre notifi\u00e9e le jour m\u00eame de la r\u00e9ception au Service Clients de Les Cr\u00e9a C\u2019 par email adress\u00e9 \u00e0 :\u00a0\u00a0<a href=\"mailto:lescreac@outlook.fr\">lescreac@outlook.fr<\/a>.\u200b<\/p>\n<p>Les frais d&rsquo;exp\u00e9dition sont \u00e0 la charge de l&rsquo;acheteur.<\/p>\n<p>Si le client souhaite un \u00e9change il devra payer de nouveau les frais de renvoi.<\/p>\n<p>Dans le cas d&rsquo;un refus de remboursement (d\u00e9lais d\u00e9pass\u00e9, marchandise d\u00e9t\u00e9rior\u00e9e..) vous serez inform\u00e9 par mail et vous pourrez demander de r\u00e9cup\u00e9rer votre commande, \u00e0 vos frais.\u00a0<\/p>\n<p>L&rsquo;acheteur doit renvoyer les Produits qui ne lui conviennent pas par La Poste via colissimo.<\/p>\n<p>Veillez \u00e0 garder le num\u00e9ro de suivi de votre retour qui peut vous \u00eatre demand\u00e9. Nous ne pouvons \u00eatre tenus pour responsables de la perte d&rsquo;un colis lors de son retour.<\/p>\n<p>Les\u00a0articles doivent m\u2019\u00eatre retourn\u00e9s complets dans leur emballage et \u00e9tat d&rsquo;origine permettant leur remise sur le march\u00e9 \u00e0 l&rsquo;\u00e9tat neuf. Tout article retourn\u00e9 incomplet c&rsquo;est \u00e0 dire sans l&rsquo;\u00e9tiquette cartonn\u00e9e d&rsquo;origine (pr\u00e9cisant la marque), ayant \u00e9t\u00e9 port\u00e9, abim\u00e9, tach\u00e9, lav\u00e9 ou supportant des odeurs de cuisine, de tabac, de parfum ou transpiration ne pourront faire l&rsquo;objet d&rsquo;un remboursement ou \u00e9change. Dans ce cadre, votre responsabilit\u00e9 est engag\u00e9e. Tout dommage subi par le produit \u00e0 cette occasion peut \u00eatre de nature \u00e0 faire \u00e9chec au droit de r\u00e9tractation. Les Cr\u00e9a C\u2019 se r\u00e9serve le droit de ne pas accepter les retours de Produits qui ne respecteraient pas les conditions pr\u00e9alablement cit\u00e9es.<\/p>\n<p>&#8211; Pour des raisons d&rsquo;hygi\u00e8ne ou de protection de la sant\u00e9 : les accessoires pour cheveux, les boucles d&rsquo;oreilles, bijoux ne sont pas repris.<\/p>\n<p>&#8211; Les frais de retour sont \u00e0 votre charge.\u00a0Je vous rembourserai le montant r\u00e9gl\u00e9 pour l&rsquo;acquisition de l&rsquo;article hors frais de port.<\/p>\n<ul>\n<li><u>Article 8 : Service Clients\u200b\u200b\u200b<\/u><\/li>\n<\/ul>\n<p>Le Service Clients Les Cr\u00e9a C\u2019 est \u00e0 votre disposition pour toute information du lundi au vendredi de 9h \u00e0 17h00, sauf jours f\u00e9ri\u00e9s.<\/p>\n<p>par mail : <a href=\"mailto:lescreac@outlook.fr\">lescreac@outlook.fr<\/a><\/p>\n<ul>\n<li><u>Article 9 : Charte de qualit\u00e9<\/u><\/li>\n<\/ul>\n<p>Tous nos Produits sont garantis fabriqu\u00e9s en France.<\/p>\n<ul>\n<li><u>Article 10 \u2013 Propri\u00e9t\u00e9 intellectuelle<\/u><\/li>\n<\/ul>\n<p>Tous les \u00e9l\u00e9ments, marques, dessins, mod\u00e8les, logos, musiques, graphiques. etc. figurant sur le site\u00a0<em>lescreac.fr<\/em>\u00a0sont et restent la propri\u00e9t\u00e9 intellectuelle et exclusive de Les Cr\u00e9a C\u2019. Nul n&rsquo;est autoris\u00e9 \u00e0 reproduire, exploiter, rediffuser, ou utiliser \u00e0 quelque titre que ce soit, m\u00eame partiellement, des \u00e9l\u00e9ments du site qu&rsquo;ils soient logiciels, visuels ou sonores.<\/p>\n<p>Toute repr\u00e9sentation ou reproduction, totale ou partielle, du site <em>lescreac.fr<\/em>\u00a0 et de son contenu, par quelque proc\u00e9d\u00e9 que ce soit, constituera une contrefa\u00e7on sanctionn\u00e9e par les articles L.335-2 et suivants et les articles L.713-1 et suivants du Code de la Propri\u00e9t\u00e9 Intellectuelle.<\/p>\n<p>L\u2019acceptation des pr\u00e9sentes Conditions G\u00e9n\u00e9rales de Vente vaut reconnaissance par le Client des droits de propri\u00e9t\u00e9 intellectuelle du VENDEUR et engagement \u00e0 les respecter.<\/p>\n<ul>\n<li><u>Article 11 : Litige &#8211; M\u00e9diation de la consommation<\/u><\/li>\n<\/ul>\n<p>En cas de litige entre le Client et l\u2019entreprise, ceux-ci s\u2019efforceront de le r\u00e9soudre \u00e0 l\u2019amiable (le Client adressera une r\u00e9clamation \u00e9crite aupr\u00e8s du professionnel ou, le cas \u00e9ch\u00e9ant, aupr\u00e8s du Service Relations Client\u00e8le du professionnel).<\/p>\n<p><br \/>A d\u00e9faut d\u2019accord amiable ou en l\u2019absence de r\u00e9ponse du professionnel dans un d\u00e9lai raisonnable d\u2019un (1) mois, le Client consommateur au sens de l\u2019article L.133-4 du code de la consommation \u00e0 la possibilit\u00e9 de saisir gratuitement, si un d\u00e9saccord subsiste, le m\u00e9diateur comp\u00e9tent inscrit sur la liste des m\u00e9diateurs \u00e9tablie par la Commission d\u2019\u00e9valuation et de contr\u00f4le de la m\u00e9diation de la consommation en application de l\u2019article L.615-1 du code de la consommation, \u00e0 savoir :\u00a0<\/p>\n<p>La Soci\u00e9t\u00e9 M\u00e9diation Professionnelle<\/p>\n<p><a href=\"http:\/\/www.mediateur-consommation-smp.fr\/\">www.mediateur-consommation-smp.fr<\/a><\/p>\n<p>Alteritae 5 rue Salvaing 12000 Rodez<\/p>\n\t\t\t\t\t\t\t\t<\/div>\n\t\t\t\t\t<\/div>\n\t\t\t\t<\/div>\n\t\t\t\t<\/div>\n\t\t","protected":false},"excerpt":{"rendered":"<p>CONDITIONS G\u00c9N\u00c9RALES DE VENTES Article 1 : Pr\u00e9ambule Le site de vente en ligne\u00a0lescreac.fr\u00a0est g\u00e9r\u00e9 par la soci\u00e9t\u00e9\u00a0Les Cr\u00e9a C\u2019, dont le si\u00e8ge social est situ\u00e9 \u00e0 NAILLY (89100), immatricul\u00e9e RCS de SENS sous le n\u00b0952\u00a0627\u00a0024. Il est pr\u00e9alablement pr\u00e9cis\u00e9 que les pr\u00e9sentes conditions r\u00e9gissent les ventes de ses Produits par\u00a0Les Cr\u00e9a C\u2019\u00a0aupr\u00e8s de toute [&hellip;]<\/p>\n","protected":false},"author":1,"featured_media":0,"parent":0,"menu_order":0,"comment_status":"closed","ping_status":"closed","template":"elementor_theme","meta":{"footnotes":""},"class_list":["post-2","page","type-page","status-publish","hentry"],"jetpack_sharing_enabled":true,"_links":{"self":[{"href":"https:\/\/lescreac.fr\/index.php?rest_route=\/wp\/v2\/pages\/2","targetHints":{"allow":["GET"]}}],"collection":[{"href":"https:\/\/lescreac.fr\/index.php?rest_route=\/wp\/v2\/pages"}],"about":[{"href":"https:\/\/lescreac.fr\/index.php?rest_route=\/wp\/v2\/types\/page"}],"author":[{"embeddable":true,"href":"https:\/\/lescreac.fr\/index.php?rest_route=\/wp\/v2\/users\/1"}],"replies":[{"embeddable":true,"href":"https:\/\/lescreac.fr\/index.php?rest_route=%2Fwp%2Fv2%2Fcomments&post=2"}],"version-history":[{"count":10,"href":"https:\/\/lescreac.fr\/index.php?rest_route=\/wp\/v2\/pages\/2\/revisions"}],"predecessor-version":[{"id":4784,"href":"https:\/\/lescreac.fr\/index.php?rest_route=\/wp\/v2\/pages\/2\/revisions\/4784"}],"wp:attachment":[{"href":"https:\/\/lescreac.fr\/index.php?rest_route=%2Fwp%2Fv2%2Fmedia&parent=2"}],"curies":[{"name":"wp","href":"https:\/\/api.w.org\/{rel}","templated":true}]}}