{"id":209,"date":"2025-09-13T17:57:29","date_gmt":"2025-09-13T17:57:29","guid":{"rendered":"https:\/\/lescreac.pubdom.net\/?page_id=209"},"modified":"2025-12-01T19:40:31","modified_gmt":"2025-12-01T19:40:31","slug":"mentions-legales","status":"publish","type":"page","link":"https:\/\/lescreac.fr\/?page_id=209","title":{"rendered":"Mentions l\u00e9gales"},"content":{"rendered":"\t\t<div data-elementor-type=\"wp-page\" data-elementor-id=\"209\" class=\"elementor elementor-209\" data-elementor-post-type=\"page\">\n\t\t\t\t<div class=\"elementor-element elementor-element-6e545e4 e-flex e-con-boxed e-con e-parent\" data-id=\"6e545e4\" data-element_type=\"container\" data-e-type=\"container\">\n\t\t\t\t\t<div class=\"e-con-inner\">\n\t\t<div class=\"elementor-element elementor-element-f1cc87a e-con-full e-flex e-con e-child\" data-id=\"f1cc87a\" data-element_type=\"container\" data-e-type=\"container\">\n\t\t\t\t<div class=\"elementor-element elementor-element-d09015d elementor-widget elementor-widget-spacer\" data-id=\"d09015d\" data-element_type=\"widget\" data-e-type=\"widget\" data-widget_type=\"spacer.default\">\n\t\t\t\t\t\t\t<div class=\"elementor-spacer\">\n\t\t\t<div class=\"elementor-spacer-inner\"><\/div>\n\t\t<\/div>\n\t\t\t\t\t\t<\/div>\n\t\t\t\t<div class=\"elementor-element elementor-element-26b479e elementor-widget elementor-widget-text-editor\" data-id=\"26b479e\" data-element_type=\"widget\" data-e-type=\"widget\" data-widget_type=\"text-editor.default\">\n\t\t\t\t\t\t\t\t\t<h1 data-start=\"208\" data-end=\"226\"><strong>Mentions l\u00e9gales<\/strong><\/h1><p data-start=\"228\" data-end=\"493\">Conform\u00e9ment aux articles 6-III et 19 de la loi n\u00b02004-575 du 21 juin 2004 pour la Confiance dans l\u2019\u00e9conomie num\u00e9rique, il est pr\u00e9cis\u00e9 aux utilisateurs du site <strong data-start=\"388\" data-end=\"405\">lescreac.fr<\/strong>\u00a0l\u2019identit\u00e9 des diff\u00e9rents intervenants dans le cadre de sa r\u00e9alisation et de son suivi.<\/p><h4 data-start=\"495\" data-end=\"516\"><strong>1. \u00c9diteur du site<\/strong><\/h4><ul data-start=\"517\" data-end=\"820\"><li data-start=\"517\" data-end=\"561\"><p data-start=\"519\" data-end=\"561\"><strong data-start=\"519\" data-end=\"535\">Nom \/ Pr\u00e9nom<\/strong> : St\u00e9phanie HENRIQUES (Les Cr\u00e9a C&rsquo;)<\/p><\/li><li data-start=\"562\" data-end=\"621\"><p data-start=\"564\" data-end=\"621\"><strong data-start=\"564\" data-end=\"574\">Statut<\/strong> : Entrepreneur individuel (micro-entreprise)<\/p><\/li><li data-start=\"622\" data-end=\"675\"><p data-start=\"624\" data-end=\"675\"><strong data-start=\"624\" data-end=\"644\">Adresse du si\u00e8ge<\/strong> : Nailly 89100<\/p><\/li><li data-start=\"676\" data-end=\"721\"><p data-start=\"678\" data-end=\"721\"><strong data-start=\"678\" data-end=\"693\">SIREN\/SIRET<\/strong> : 952 627 024 00013<\/p><\/li><li data-start=\"722\" data-end=\"774\"><p data-start=\"724\" data-end=\"774\"><strong data-start=\"724\" data-end=\"745\">E-mail de contact<\/strong> : contact@lescreac.fr<\/p><\/li><\/ul><h4 data-start=\"822\" data-end=\"855\"><strong>2. Directeur de la publication<\/strong><\/h4><ul data-start=\"856\" data-end=\"897\"><li data-start=\"856\" data-end=\"897\"><p data-start=\"858\" data-end=\"897\"><strong data-start=\"858\" data-end=\"873\">Responsable<\/strong> : St\u00e9phanie HENRIQUES<\/p><\/li><\/ul><h4 data-start=\"899\" data-end=\"914\"><strong>3. H\u00e9bergeur<\/strong><\/h4><ul data-start=\"915\" data-end=\"1066\"><li data-start=\"915\" data-end=\"972\"><p data-start=\"917\" data-end=\"972\"><strong data-start=\"917\" data-end=\"924\">Nom<\/strong> : SI ASSISTANCE<\/p><\/li><li data-start=\"973\" data-end=\"1024\"><p data-start=\"975\" data-end=\"1024\"><strong data-start=\"975\" data-end=\"986\">Adresse<\/strong> : 21 rue de l&rsquo;Europe 89100 MAILLOT<\/p><\/li><\/ul><h4 data-start=\"1068\" data-end=\"1098\"><strong>4. Propri\u00e9t\u00e9 intellectuelle<\/strong><\/h4><p data-start=\"1099\" data-end=\"1377\">L\u2019ensemble du contenu pr\u00e9sent sur ce site (textes, photos, illustrations, logo, etc.) est, sauf mention contraire, la propri\u00e9t\u00e9 exclusive de <strong data-start=\"1240\" data-end=\"1272\">Les Cr\u00e9a C&rsquo; (St\u00e9phanie HENRIQUES)<\/strong>.<br data-start=\"1273\" data-end=\"1276\" \/>Toute reproduction ou repr\u00e9sentation, totale ou partielle, est interdite sans autorisation pr\u00e9alable.<\/p><h4 data-start=\"1379\" data-end=\"1405\"><strong>5. Donn\u00e9es personnelles<\/strong><\/h4><p data-start=\"1406\" data-end=\"1816\">Les informations collect\u00e9es (formulaire de contact, commande, etc.) sont destin\u00e9es uniquement \u00e0 <strong data-start=\"1502\" data-end=\"1534\">Les Cr\u00e9a C&rsquo;<\/strong>.<br data-start=\"1535\" data-end=\"1538\" \/>Conform\u00e9ment au R\u00e8glement G\u00e9n\u00e9ral sur la Protection des Donn\u00e9es (RGPD) et \u00e0 la loi \u00ab Informatique et Libert\u00e9s \u00bb, vous disposez d\u2019un droit d\u2019acc\u00e8s, de rectification, d\u2019opposition et de suppression de vos donn\u00e9es.<br data-start=\"1749\" data-end=\"1752\" \/>Pour exercer ces droits, \u00e9crivez \u00e0 <strong data-start=\"1787\" data-end=\"1815\">lescreac@outlook.fr<\/strong>.<\/p><h4 data-start=\"1818\" data-end=\"1838\"><strong>6. Responsabilit\u00e9<\/strong><\/h4><p data-start=\"1839\" data-end=\"1991\">L\u2019\u00e9diteur ne peut \u00eatre tenu responsable d\u2019erreurs ou d\u2019omissions dans les informations diffus\u00e9es, ni de tout dommage r\u00e9sultant de l\u2019utilisation du site.<\/p><h4 data-start=\"1993\" data-end=\"2015\"><strong>7. Droit applicable<\/strong><\/h4><p data-start=\"2016\" data-end=\"2147\">Les pr\u00e9sentes mentions l\u00e9gales sont soumises au droit fran\u00e7ais. Tout litige sera de la comp\u00e9tence exclusive des tribunaux fran\u00e7ais.<\/p>\t\t\t\t\t\t\t\t<\/div>\n\t\t\t\t<\/div>\n\t\t\t\t\t<\/div>\n\t\t\t\t<\/div>\n\t\t\t\t<\/div>\n\t\t","protected":false},"excerpt":{"rendered":"<p>Mentions l\u00e9gales Conform\u00e9ment aux articles 6-III et 19 de la loi n\u00b02004-575 du 21 juin 2004 pour la Confiance dans l\u2019\u00e9conomie num\u00e9rique, il est pr\u00e9cis\u00e9 aux utilisateurs du site lescreac.fr\u00a0l\u2019identit\u00e9 des diff\u00e9rents intervenants dans le cadre de sa r\u00e9alisation et de son suivi. 1. \u00c9diteur du site Nom \/ Pr\u00e9nom : St\u00e9phanie HENRIQUES (Les Cr\u00e9a [&hellip;]<\/p>\n","protected":false},"author":1,"featured_media":0,"parent":0,"menu_order":0,"comment_status":"closed","ping_status":"closed","template":"","meta":{"footnotes":""},"class_list":["post-209","page","type-page","status-publish","hentry"],"jetpack_sharing_enabled":true,"_links":{"self":[{"href":"https:\/\/lescreac.fr\/index.php?rest_route=\/wp\/v2\/pages\/209","targetHints":{"allow":["GET"]}}],"collection":[{"href":"https:\/\/lescreac.fr\/index.php?rest_route=\/wp\/v2\/pages"}],"about":[{"href":"https:\/\/lescreac.fr\/index.php?rest_route=\/wp\/v2\/types\/page"}],"author":[{"embeddable":true,"href":"https:\/\/lescreac.fr\/index.php?rest_route=\/wp\/v2\/users\/1"}],"replies":[{"embeddable":true,"href":"https:\/\/lescreac.fr\/index.php?rest_route=%2Fwp%2Fv2%2Fcomments&post=209"}],"version-history":[{"count":10,"href":"https:\/\/lescreac.fr\/index.php?rest_route=\/wp\/v2\/pages\/209\/revisions"}],"predecessor-version":[{"id":4808,"href":"https:\/\/lescreac.fr\/index.php?rest_route=\/wp\/v2\/pages\/209\/revisions\/4808"}],"wp:attachment":[{"href":"https:\/\/lescreac.fr\/index.php?rest_route=%2Fwp%2Fv2%2Fmedia&parent=209"}],"curies":[{"name":"wp","href":"https:\/\/api.w.org\/{rel}","templated":true}]}}