{"id":37,"date":"2025-09-13T15:12:57","date_gmt":"2025-09-13T15:12:57","guid":{"rendered":"https:\/\/lescreac.pubdom.net\/?page_id=37"},"modified":"2025-11-29T18:56:53","modified_gmt":"2025-11-29T18:56:53","slug":"about","status":"publish","type":"page","link":"https:\/\/lescreac.fr\/?page_id=37","title":{"rendered":"\u00c0 propos"},"content":{"rendered":"\t\t<div data-elementor-type=\"wp-page\" data-elementor-id=\"37\" class=\"elementor elementor-37\" data-elementor-post-type=\"page\">\n\t\t\t\t<div class=\"elementor-element elementor-element-2d877591 e-flex e-con-boxed e-con e-parent\" data-id=\"2d877591\" data-element_type=\"container\" data-e-type=\"container\" data-settings=\"{&quot;background_background&quot;:&quot;gradient&quot;,&quot;shape_divider_bottom&quot;:&quot;waves&quot;}\">\n\t\t\t\t\t<div class=\"e-con-inner\">\n\t\t\t\t<div class=\"elementor-shape elementor-shape-bottom\" aria-hidden=\"true\" data-negative=\"false\">\n\t\t\t<svg xmlns=\"http:\/\/www.w3.org\/2000\/svg\" viewBox=\"0 0 1000 100\" preserveAspectRatio=\"none\">\n\t<path class=\"elementor-shape-fill\" d=\"M421.9,6.5c22.6-2.5,51.5,0.4,75.5,5.3c23.6,4.9,70.9,23.5,100.5,35.7c75.8,32.2,133.7,44.5,192.6,49.7\n\tc23.6,2.1,48.7,3.5,103.4-2.5c54.7-6,106.2-25.6,106.2-25.6V0H0v30.3c0,0,72,32.6,158.4,30.5c39.2-0.7,92.8-6.7,134-22.4\n\tc21.2-8.1,52.2-18.2,79.7-24.2C399.3,7.9,411.6,7.5,421.9,6.5z\"\/>\n<\/svg>\t\t<\/div>\n\t\t\t\t<div class=\"elementor-element elementor-element-5041a16 elementor-widget elementor-widget-heading\" data-id=\"5041a16\" data-element_type=\"widget\" data-e-type=\"widget\" data-widget_type=\"heading.default\">\n\t\t\t\t\t<h1 class=\"elementor-heading-title elementor-size-default\"><br>Mon histoire en crochet<\/h1>\t\t\t\t<\/div>\n\t\t\t\t<div class=\"elementor-element elementor-element-fee0eac elementor-widget elementor-widget-image\" data-id=\"fee0eac\" data-element_type=\"widget\" data-e-type=\"widget\" data-widget_type=\"image.default\">\n\t\t\t\t\t\t\t\t\t\t\t\t\t\t\t<img fetchpriority=\"high\" decoding=\"async\" width=\"243\" height=\"300\" src=\"https:\/\/lescreac.fr\/wp-content\/uploads\/2025\/11\/20250915_155236-243x300.jpg\" class=\"attachment-medium size-medium wp-image-349\" alt=\"\" srcset=\"https:\/\/lescreac.fr\/wp-content\/uploads\/2025\/11\/20250915_155236-243x300.jpg 243w, https:\/\/lescreac.fr\/wp-content\/uploads\/2025\/11\/20250915_155236-829x1024.jpg 829w, https:\/\/lescreac.fr\/wp-content\/uploads\/2025\/11\/20250915_155236-768x948.jpg 768w, https:\/\/lescreac.fr\/wp-content\/uploads\/2025\/11\/20250915_155236-1244x1536.jpg 1244w, https:\/\/lescreac.fr\/wp-content\/uploads\/2025\/11\/20250915_155236-1659x2048.jpg 1659w, https:\/\/lescreac.fr\/wp-content\/uploads\/2025\/11\/20250915_155236-600x741.jpg 600w\" sizes=\"(max-width: 243px) 100vw, 243px\" \/>\t\t\t\t\t\t\t\t\t\t\t\t\t\t\t<\/div>\n\t\t\t\t\t<\/div>\n\t\t\t\t<\/div>\n\t\t<div class=\"elementor-element elementor-element-46015afc e-con-full e-flex e-con e-parent\" data-id=\"46015afc\" data-element_type=\"container\" data-e-type=\"container\">\n\t\t\t\t<div class=\"elementor-element elementor-element-3ff608c0 elementor-widget elementor-widget-zigzag\" data-id=\"3ff608c0\" data-element_type=\"widget\" data-e-type=\"widget\" data-settings=\"{&quot;image_shape&quot;:&quot;sharp&quot;}\" data-widget_type=\"zigzag.default\">\n\t\t\t\t<div class=\"elementor-widget-container\">\n\t\t\t\t\t\t\t<div class=\"ehp-zigzag has-direction-start\">\n\t\t\t\t\t\t\t<div class=\"ehp-zigzag__item-wrapper\">\n\t\t\t\t\t<div class=\"ehp-zigzag__item-container\">\n\t\t\t\t\t\t\t\t<div class=\"ehp-zigzag__graphic-element-container has-image\">\n\t\t\t\t\t\t<div class=\"ehp-image ehp-zigzag__image-container\">\n\t\t\t\t<img decoding=\"async\" class=\"ehp-image__img ehp-zigzag__img has-shape-sharp shape-type-image\" src=\"https:\/\/lescreac.fr\/wp-content\/uploads\/2025\/09\/1000023230-scaled.jpg\" title=\"1000023230\" alt=\"1000023230\" loading=\"lazy\" \/>\t\t\t<\/div>\n\t\t\t\t\t<\/div>\n\t\t\t\t<div class=\"ehp-zigzag__text-container is-graphic-image\">\n\t\t\t<h2 class=\"ehp-zigzag__title\">Mon histoire en crochet<\/h2><p class=\"ehp-zigzag__description\">Depuis toujours, la cr\u00e9ation fait partie de ma vie. \nPetite, ma m\u00e8re m\u2019a fait d\u00e9couvrir le plaisir de travailler avec des aiguilles, apprenant les bases du tricot et d\u00e9veloppant un amour pour les travaux manuels. C\u2019est bien plus tard, gr\u00e2ce \u00e0 ma belle-m\u00e8re qui m\u2019a initi\u00e9e au crochet, que cette passion a pris une nouvelle dimension.<\/p>\t\t<\/div>\n\t\t\t\t\t\t\t<\/div>\n\t\t\t\t<\/div>\n\t\t\t\t\t\t\t\t<div class=\"ehp-zigzag__item-wrapper\">\n\t\t\t\t\t<div class=\"ehp-zigzag__item-container\">\n\t\t\t\t\t\t\t\t<div class=\"ehp-zigzag__graphic-element-container has-image\">\n\t\t\t\t\t\t<div class=\"ehp-image ehp-zigzag__image-container ehp-image ehp-zigzag__image-container\">\n\t\t\t\t<img decoding=\"async\" class=\"ehp-image__img ehp-zigzag__img has-shape-sharp shape-type-image\" src=\"https:\/\/lescreac.fr\/wp-content\/uploads\/2025\/09\/1000023259-scaled.jpg\" title=\"1000023259\" alt=\"1000023259\" loading=\"lazy\" \/>\t\t\t<\/div>\n\t\t\t\t\t<\/div>\n\t\t\t\t<div class=\"ehp-zigzag__text-container is-graphic-image\">\n\t\t\t<h2 class=\"ehp-zigzag__title\">Ma passion<\/h2><p class=\"ehp-zigzag__description\">Le crochet est rapidement devenu une v\u00e9ritable passion, un moyen pour moi d\u2019exprimer ma cr\u00e9ativit\u00e9 et de donner vie \u00e0 des pi\u00e8ces uniques. Aujourd'hui, je ne peux plus m'en passer. Cr\u00e9er de mes mains est devenu essentiel dans ma vie, une v\u00e9ritable source de plaisir et d'accomplissement.\n<\/br><\/br>\nChaque cr\u00e9ation est faite avec soin, patience et beaucoup d\u2019amour, car pour moi, chaque projet raconte une histoire.<\/p>\t\t<\/div>\n\t\t\t\t\t\t\t<\/div>\n\t\t\t\t<\/div>\n\t\t\t\t\t\t\t\t<div class=\"ehp-zigzag__item-wrapper\">\n\t\t\t\t\t<div class=\"ehp-zigzag__item-container\">\n\t\t\t\t\t\t\t\t<div class=\"ehp-zigzag__graphic-element-container has-image\">\n\t\t\t\t\t\t<div class=\"ehp-image ehp-zigzag__image-container ehp-image ehp-zigzag__image-container ehp-image ehp-zigzag__image-container\">\n\t\t\t\t<img decoding=\"async\" class=\"ehp-image__img ehp-zigzag__img has-shape-sharp shape-type-image\" src=\"https:\/\/lescreac.fr\/wp-content\/uploads\/2025\/09\/1000023237-1-scaled.jpg\" title=\"1000023237\" alt=\"1000023237\" loading=\"lazy\" \/>\t\t\t<\/div>\n\t\t\t\t\t<\/div>\n\t\t\t\t<div class=\"ehp-zigzag__text-container is-graphic-image\">\n\t\t\t<h2 class=\"ehp-zigzag__title\">Bienvenue dans mes cr\u00e9ations<\/h2><p class=\"ehp-zigzag__description\">\u00c0 pr\u00e9sent, je partage cet univers avec vous \u00e0 travers mes r\u00e9alisations. Que vous cherchiez une pi\u00e8ce unique ou que vous soyez simplement curieux de d\u00e9couvrir mon univers, je suis ravie de vous accueillir ici.<\/p>\t\t<\/div>\n\t\t\t\t\t\t\t<\/div>\n\t\t\t\t<\/div>\n\t\t\t\t\t\t\t<\/div>\n\t\t\t\t\t\t<\/div>\n\t\t\t\t<\/div>\n\t\t\t\t<\/div>\n\t\t<div class=\"elementor-element elementor-element-72c2b69c e-flex e-con-boxed e-con e-parent\" data-id=\"72c2b69c\" data-element_type=\"container\" data-e-type=\"container\" data-settings=\"{&quot;background_background&quot;:&quot;gradient&quot;,&quot;shape_divider_top&quot;:&quot;waves&quot;}\">\n\t\t\t\t\t<div class=\"e-con-inner\">\n\t\t\t\t<div class=\"elementor-shape elementor-shape-top\" aria-hidden=\"true\" data-negative=\"false\">\n\t\t\t<svg xmlns=\"http:\/\/www.w3.org\/2000\/svg\" viewBox=\"0 0 1000 100\" preserveAspectRatio=\"none\">\n\t<path class=\"elementor-shape-fill\" d=\"M421.9,6.5c22.6-2.5,51.5,0.4,75.5,5.3c23.6,4.9,70.9,23.5,100.5,35.7c75.8,32.2,133.7,44.5,192.6,49.7\n\tc23.6,2.1,48.7,3.5,103.4-2.5c54.7-6,106.2-25.6,106.2-25.6V0H0v30.3c0,0,72,32.6,158.4,30.5c39.2-0.7,92.8-6.7,134-22.4\n\tc21.2-8.1,52.2-18.2,79.7-24.2C399.3,7.9,411.6,7.5,421.9,6.5z\"\/>\n<\/svg>\t\t<\/div>\n\t\t<div class=\"elementor-element elementor-element-2c8874b4 e-con-full e-flex e-con e-child\" data-id=\"2c8874b4\" data-element_type=\"container\" data-e-type=\"container\">\n\t\t\t\t<\/div>\n\t\t<div class=\"elementor-element elementor-element-2c1b48fa e-con-full e-flex e-con e-child\" data-id=\"2c1b48fa\" data-element_type=\"container\" data-e-type=\"container\">\n\t\t\t\t<div class=\"elementor-element elementor-element-2c95c29f elementor-widget elementor-widget-image\" data-id=\"2c95c29f\" data-element_type=\"widget\" data-e-type=\"widget\" data-widget_type=\"image.default\">\n\t\t\t\t\t\t\t\t\t\t\t\t\t\t\t<img decoding=\"async\" width=\"225\" height=\"300\" src=\"https:\/\/lescreac.fr\/wp-content\/uploads\/2025\/11\/20250915_160133-225x300.jpg\" class=\"attachment-medium size-medium wp-image-345\" alt=\"\" srcset=\"https:\/\/lescreac.fr\/wp-content\/uploads\/2025\/11\/20250915_160133-225x300.jpg 225w, https:\/\/lescreac.fr\/wp-content\/uploads\/2025\/11\/20250915_160133-768x1024.jpg 768w, https:\/\/lescreac.fr\/wp-content\/uploads\/2025\/11\/20250915_160133-1152x1536.jpg 1152w, https:\/\/lescreac.fr\/wp-content\/uploads\/2025\/11\/20250915_160133-1536x2048.jpg 1536w, https:\/\/lescreac.fr\/wp-content\/uploads\/2025\/11\/20250915_160133-600x800.jpg 600w, https:\/\/lescreac.fr\/wp-content\/uploads\/2025\/11\/20250915_160133-scaled.jpg 1920w\" sizes=\"(max-width: 225px) 100vw, 225px\" \/>\t\t\t\t\t\t\t\t\t\t\t\t\t\t\t<\/div>\n\t\t\t\t<\/div>\n\t\t\t\t\t<\/div>\n\t\t\t\t<\/div>\n\t\t\t\t<\/div>\n\t\t","protected":false},"excerpt":{"rendered":"<p>Mon histoire en crochet Mon histoire en crochet Depuis toujours, la cr\u00e9ation fait partie de ma vie. Petite, ma m\u00e8re m\u2019a fait d\u00e9couvrir le plaisir de travailler avec des aiguilles, apprenant les bases du tricot et d\u00e9veloppant un amour pour les travaux manuels. C\u2019est bien plus tard, gr\u00e2ce \u00e0 ma belle-m\u00e8re qui m\u2019a initi\u00e9e au [&hellip;]<\/p>\n","protected":false},"author":1,"featured_media":0,"parent":0,"menu_order":0,"comment_status":"closed","ping_status":"closed","template":"elementor_header_footer","meta":{"footnotes":""},"class_list":["post-37","page","type-page","status-publish","hentry"],"jetpack_sharing_enabled":true,"_links":{"self":[{"href":"https:\/\/lescreac.fr\/index.php?rest_route=\/wp\/v2\/pages\/37","targetHints":{"allow":["GET"]}}],"collection":[{"href":"https:\/\/lescreac.fr\/index.php?rest_route=\/wp\/v2\/pages"}],"about":[{"href":"https:\/\/lescreac.fr\/index.php?rest_route=\/wp\/v2\/types\/page"}],"author":[{"embeddable":true,"href":"https:\/\/lescreac.fr\/index.php?rest_route=\/wp\/v2\/users\/1"}],"replies":[{"embeddable":true,"href":"https:\/\/lescreac.fr\/index.php?rest_route=%2Fwp%2Fv2%2Fcomments&post=37"}],"version-history":[{"count":25,"href":"https:\/\/lescreac.fr\/index.php?rest_route=\/wp\/v2\/pages\/37\/revisions"}],"predecessor-version":[{"id":435,"href":"https:\/\/lescreac.fr\/index.php?rest_route=\/wp\/v2\/pages\/37\/revisions\/435"}],"wp:attachment":[{"href":"https:\/\/lescreac.fr\/index.php?rest_route=%2Fwp%2Fv2%2Fmedia&parent=37"}],"curies":[{"name":"wp","href":"https:\/\/api.w.org\/{rel}","templated":true}]}}