{"id":1467,"date":"2025-11-30T15:38:48","date_gmt":"2025-11-30T15:38:48","guid":{"rendered":"https:\/\/lescreac.fr\/?post_type=product&#038;p=1467"},"modified":"2026-03-18T20:16:01","modified_gmt":"2026-03-18T20:16:01","slug":"sac-floreal","status":"publish","type":"product","link":"https:\/\/lescreac.fr\/?product=sac-floreal","title":{"rendered":"Flor\u00e9al"},"content":{"rendered":"","protected":false},"excerpt":{"rendered":"<p>Le sac Flor\u00e9al\u00a0est enti\u00e8rement r\u00e9alis\u00e9 \u00e0 la main au crochet. Sa base en simili cuir lui donne structure et \u00e9l\u00e9gance, tandis que le corps est travaill\u00e9 avec du fil textile, dans une d\u00e9marche artisanale et responsable.<br \/>\nAu centre, une large bande en point floral crochet\u00e9 avec du simili cuir de votre choix\u00a0apporte relief, originalit\u00e9 et \u00e9clat.<br \/>\nLes anses dor\u00e9es, la cha\u00eene d\u00e9licate et le pompon assorti viennent sublimer cette pi\u00e8ce unique, alliant authenticit\u00e9 et raffinement.<\/p>\n<p>Un sac \u00e0 la fois durable, moderne et raffin\u00e9, pens\u00e9 pour accompagner vos tenues en toutes occasions.<\/p>\n<p>Dimensions : 25,5 * 10 * 18 cm environ<\/p>\n<p>Confectionn\u00e9 avec du fil textile 100% coton et du fil simili cuir 100% polyester.<\/p>\n<p>Conseil d&rsquo;entretien : Lavage \u00e0 la main, \u00e0 l&rsquo;eau froide ou 30%. Utilisation d&rsquo;un savon doux ou lessive ou \u00e9ponge magique, \u00e9viter de mouiller les accessoires m\u00e9talliques.<\/p>\n","protected":false},"featured_media":339,"comment_status":"closed","ping_status":"closed","template":"","meta":[],"product_brand":[],"product_cat":[23],"product_tag":[],"class_list":{"0":"post-1467","1":"product","2":"type-product","3":"status-publish","4":"has-post-thumbnail","6":"product_cat-creation-sur-mesure","8":"first","9":"instock","10":"taxable","11":"shipping-taxable","12":"purchasable","13":"product-type-variable"},"jetpack_sharing_enabled":true,"_links":{"self":[{"href":"https:\/\/lescreac.fr\/index.php?rest_route=\/wp\/v2\/product\/1467","targetHints":{"allow":["GET"]}}],"collection":[{"href":"https:\/\/lescreac.fr\/index.php?rest_route=\/wp\/v2\/product"}],"about":[{"href":"https:\/\/lescreac.fr\/index.php?rest_route=\/wp\/v2\/types\/product"}],"replies":[{"embeddable":true,"href":"https:\/\/lescreac.fr\/index.php?rest_route=%2Fwp%2Fv2%2Fcomments&post=1467"}],"wp:featuredmedia":[{"embeddable":true,"href":"https:\/\/lescreac.fr\/index.php?rest_route=\/wp\/v2\/media\/339"}],"wp:attachment":[{"href":"https:\/\/lescreac.fr\/index.php?rest_route=%2Fwp%2Fv2%2Fmedia&parent=1467"}],"wp:term":[{"taxonomy":"product_brand","embeddable":true,"href":"https:\/\/lescreac.fr\/index.php?rest_route=%2Fwp%2Fv2%2Fproduct_brand&post=1467"},{"taxonomy":"product_cat","embeddable":true,"href":"https:\/\/lescreac.fr\/index.php?rest_route=%2Fwp%2Fv2%2Fproduct_cat&post=1467"},{"taxonomy":"product_tag","embeddable":true,"href":"https:\/\/lescreac.fr\/index.php?rest_route=%2Fwp%2Fv2%2Fproduct_tag&post=1467"}],"curies":[{"name":"wp","href":"https:\/\/api.w.org\/{rel}","templated":true}]}}