{"id":2266,"date":"2025-11-30T15:50:56","date_gmt":"2025-11-30T15:50:56","guid":{"rendered":"https:\/\/lescreac.fr\/?post_type=product&#038;p=2266"},"modified":"2026-03-18T20:13:41","modified_gmt":"2026-03-18T20:13:41","slug":"sac-capucine","status":"publish","type":"product","link":"https:\/\/lescreac.fr\/?product=sac-capucine","title":{"rendered":"Capucine"},"content":{"rendered":"","protected":false},"excerpt":{"rendered":"<p>Un accessoire sophistiqu\u00e9 et intemporel, enti\u00e8rement r\u00e9alis\u00e9 au crochet avec du tissu recycl\u00e9 haut de gamme. Le sac Capucine allie respect de l&rsquo;environnement et style raffin\u00e9. Son fermoir m\u00e9tallique \u00e0 clapet encadre d\u00e9licatement la pi\u00e8ce, ajoutant une touche r\u00e9tro chic. Parfaite pour sublimer vos tenues, elle incarne l&rsquo;harmonie entre artisanat et \u00e9l\u00e9gance.<\/p>\n<p>Dimensions : 25*16 cm environ<\/p>\n<p>Confectionn\u00e9 avec du fil textile 100% coton.<\/p>\n<p>Conseil d&rsquo;entretien : Lavage \u00e0 la main, \u00e0 l&rsquo;eau froide ou 30%. Utilisation d&rsquo;un savon doux ou lessive ou \u00e9ponge magique, \u00e9viter de mouiller les accessoires m\u00e9talliques.<\/p>\n","protected":false},"featured_media":343,"comment_status":"closed","ping_status":"closed","template":"","meta":[],"product_brand":[],"product_cat":[23],"product_tag":[],"class_list":{"0":"post-2266","1":"product","2":"type-product","3":"status-publish","4":"has-post-thumbnail","6":"product_cat-creation-sur-mesure","8":"first","9":"instock","10":"taxable","11":"shipping-taxable","12":"purchasable","13":"product-type-variable"},"jetpack_sharing_enabled":true,"_links":{"self":[{"href":"https:\/\/lescreac.fr\/index.php?rest_route=\/wp\/v2\/product\/2266","targetHints":{"allow":["GET"]}}],"collection":[{"href":"https:\/\/lescreac.fr\/index.php?rest_route=\/wp\/v2\/product"}],"about":[{"href":"https:\/\/lescreac.fr\/index.php?rest_route=\/wp\/v2\/types\/product"}],"replies":[{"embeddable":true,"href":"https:\/\/lescreac.fr\/index.php?rest_route=%2Fwp%2Fv2%2Fcomments&post=2266"}],"wp:featuredmedia":[{"embeddable":true,"href":"https:\/\/lescreac.fr\/index.php?rest_route=\/wp\/v2\/media\/343"}],"wp:attachment":[{"href":"https:\/\/lescreac.fr\/index.php?rest_route=%2Fwp%2Fv2%2Fmedia&parent=2266"}],"wp:term":[{"taxonomy":"product_brand","embeddable":true,"href":"https:\/\/lescreac.fr\/index.php?rest_route=%2Fwp%2Fv2%2Fproduct_brand&post=2266"},{"taxonomy":"product_cat","embeddable":true,"href":"https:\/\/lescreac.fr\/index.php?rest_route=%2Fwp%2Fv2%2Fproduct_cat&post=2266"},{"taxonomy":"product_tag","embeddable":true,"href":"https:\/\/lescreac.fr\/index.php?rest_route=%2Fwp%2Fv2%2Fproduct_tag&post=2266"}],"curies":[{"name":"wp","href":"https:\/\/api.w.org\/{rel}","templated":true}]}}