{"id":3105,"date":"2025-11-30T16:36:42","date_gmt":"2025-11-30T16:36:42","guid":{"rendered":"https:\/\/lescreac.fr\/?post_type=product&#038;p=3105"},"modified":"2026-03-18T20:06:23","modified_gmt":"2026-03-18T20:06:23","slug":"sac-amelie","status":"publish","type":"product","link":"https:\/\/lescreac.fr\/?product=sac-amelie","title":{"rendered":"Am\u00e9lie"},"content":{"rendered":"","protected":false},"excerpt":{"rendered":"<p>Une cr\u00e9ation lumineuse et \u00e9l\u00e9gante, enti\u00e8rement r\u00e9alis\u00e9e au crochet avec du tissu recycl\u00e9 haut de gamme, reflet d&rsquo;un savoir-faire artisanal unique. Ses anses en bois naturel ajoutent une touche chaleureuse et sophistiqu\u00e9e. Nou\u00e9 d\u00e9licatement, un foulard apporte un suppl\u00e9ment d\u2019\u00e2me, un souffle de f\u00e9minit\u00e9 et de raffinement.<\/p>\n<p>&nbsp;<\/p>\n<p>Le sac Am\u00e9lie incarne l\u2019alliance parfaite entre style intemporel et d\u00e9marche \u00e9thique. Un accessoire qui attire les regards et raconte une histoire.<\/p>\n<p>Dimensions : 28 * 16 cm environ<\/p>\n<p>Confectionn\u00e9 avec du fil textile 100% coton.<\/p>\n<p>Conseil d&rsquo;entretien : Lavage \u00e0 la main, \u00e0 l&rsquo;eau froide ou 30%. Utilisation d&rsquo;un savon doux ou lessive ou \u00e9ponge magique, \u00e9viter de mouiller les accessoires m\u00e9talliques et en bois.<\/p>\n","protected":false},"featured_media":191,"comment_status":"closed","ping_status":"closed","template":"","meta":[],"product_brand":[],"product_cat":[23],"product_tag":[],"class_list":{"0":"post-3105","1":"product","2":"type-product","3":"status-publish","4":"has-post-thumbnail","6":"product_cat-creation-sur-mesure","8":"first","9":"instock","10":"taxable","11":"shipping-taxable","12":"purchasable","13":"product-type-variable"},"jetpack_sharing_enabled":true,"_links":{"self":[{"href":"https:\/\/lescreac.fr\/index.php?rest_route=\/wp\/v2\/product\/3105","targetHints":{"allow":["GET"]}}],"collection":[{"href":"https:\/\/lescreac.fr\/index.php?rest_route=\/wp\/v2\/product"}],"about":[{"href":"https:\/\/lescreac.fr\/index.php?rest_route=\/wp\/v2\/types\/product"}],"replies":[{"embeddable":true,"href":"https:\/\/lescreac.fr\/index.php?rest_route=%2Fwp%2Fv2%2Fcomments&post=3105"}],"wp:featuredmedia":[{"embeddable":true,"href":"https:\/\/lescreac.fr\/index.php?rest_route=\/wp\/v2\/media\/191"}],"wp:attachment":[{"href":"https:\/\/lescreac.fr\/index.php?rest_route=%2Fwp%2Fv2%2Fmedia&parent=3105"}],"wp:term":[{"taxonomy":"product_brand","embeddable":true,"href":"https:\/\/lescreac.fr\/index.php?rest_route=%2Fwp%2Fv2%2Fproduct_brand&post=3105"},{"taxonomy":"product_cat","embeddable":true,"href":"https:\/\/lescreac.fr\/index.php?rest_route=%2Fwp%2Fv2%2Fproduct_cat&post=3105"},{"taxonomy":"product_tag","embeddable":true,"href":"https:\/\/lescreac.fr\/index.php?rest_route=%2Fwp%2Fv2%2Fproduct_tag&post=3105"}],"curies":[{"name":"wp","href":"https:\/\/api.w.org\/{rel}","templated":true}]}}