{"id":4107,"date":"2025-11-30T17:25:01","date_gmt":"2025-11-30T17:25:01","guid":{"rendered":"https:\/\/lescreac.fr\/?post_type=product&#038;p=4107"},"modified":"2025-12-07T21:15:32","modified_gmt":"2025-12-07T21:15:32","slug":"tour-de-cou","status":"publish","type":"product","link":"https:\/\/lescreac.fr\/?product=tour-de-cou","title":{"rendered":"Tour de cou"},"content":{"rendered":"","protected":false},"excerpt":{"rendered":"<p>Dites adieu au froid avec ce tour de cou fait main en fil velours 100% polyester. Sa texture moelleuse et enveloppante procure une sensation de cocooning tout en prot\u00e9geant efficacement du vent et des basses temp\u00e9ratures. Facile \u00e0 enfiler, il est id\u00e9al pour rester au chaud tout en gardant les mains libres.<\/p>\n","protected":false},"featured_media":4076,"comment_status":"closed","ping_status":"closed","template":"","meta":[],"product_brand":[],"product_cat":[26],"product_tag":[],"class_list":{"0":"post-4107","1":"product","2":"type-product","3":"status-publish","4":"has-post-thumbnail","6":"product_cat-automne-hiver","8":"first","9":"instock","10":"taxable","11":"shipping-taxable","12":"purchasable","13":"product-type-variable"},"jetpack_sharing_enabled":true,"_links":{"self":[{"href":"https:\/\/lescreac.fr\/index.php?rest_route=\/wp\/v2\/product\/4107","targetHints":{"allow":["GET"]}}],"collection":[{"href":"https:\/\/lescreac.fr\/index.php?rest_route=\/wp\/v2\/product"}],"about":[{"href":"https:\/\/lescreac.fr\/index.php?rest_route=\/wp\/v2\/types\/product"}],"replies":[{"embeddable":true,"href":"https:\/\/lescreac.fr\/index.php?rest_route=%2Fwp%2Fv2%2Fcomments&post=4107"}],"wp:featuredmedia":[{"embeddable":true,"href":"https:\/\/lescreac.fr\/index.php?rest_route=\/wp\/v2\/media\/4076"}],"wp:attachment":[{"href":"https:\/\/lescreac.fr\/index.php?rest_route=%2Fwp%2Fv2%2Fmedia&parent=4107"}],"wp:term":[{"taxonomy":"product_brand","embeddable":true,"href":"https:\/\/lescreac.fr\/index.php?rest_route=%2Fwp%2Fv2%2Fproduct_brand&post=4107"},{"taxonomy":"product_cat","embeddable":true,"href":"https:\/\/lescreac.fr\/index.php?rest_route=%2Fwp%2Fv2%2Fproduct_cat&post=4107"},{"taxonomy":"product_tag","embeddable":true,"href":"https:\/\/lescreac.fr\/index.php?rest_route=%2Fwp%2Fv2%2Fproduct_tag&post=4107"}],"curies":[{"name":"wp","href":"https:\/\/api.w.org\/{rel}","templated":true}]}}