{"id":4115,"date":"2025-11-30T17:35:00","date_gmt":"2025-11-30T17:35:00","guid":{"rendered":"https:\/\/lescreac.fr\/?post_type=product&#038;p=4115"},"modified":"2025-12-07T21:15:05","modified_gmt":"2025-12-07T21:15:05","slug":"sac-eloise","status":"publish","type":"product","link":"https:\/\/lescreac.fr\/?product=sac-eloise","title":{"rendered":"Elo\u00efse"},"content":{"rendered":"","protected":false},"excerpt":{"rendered":"<p>L\u2019\u00c9lo\u00efse, r\u00e9alis\u00e9 enti\u00e8rement \u00e0 la main, il est con\u00e7u \u00e0 partir de tissu recycl\u00e9 et sublim\u00e9 d\u2019un fil en simili-cuir 100% polyester, incarne l\u2019\u00e9l\u00e9gance responsable. Son point puff offre une texture g\u00e9n\u00e9reuse et raffin\u00e9e qui capte la lumi\u00e8re avec subtilit\u00e9. D\u00e9clin\u00e9 dans une vari\u00e9t\u00e9 de couleurs vibrantes, il s&rsquo;adapte \u00e0 toutes les personnalit\u00e9s. La cha\u00eene dor\u00e9e et le fermoir d\u00e9licat viennent sublimer son allure, faisant d\u2019\u00c9lo\u00efse l\u2019accessoire parfait pour vos soir\u00e9es ou vos sorties glamour. Il refl\u00e8te une f\u00e9minit\u00e9 affirm\u00e9e et un go\u00fbt pour l\u2019originalit\u00e9.<\/p>\n","protected":false},"featured_media":4119,"comment_status":"closed","ping_status":"closed","template":"","meta":[],"product_brand":[],"product_cat":[27],"product_tag":[],"class_list":{"0":"post-4115","1":"product","2":"type-product","3":"status-publish","4":"has-post-thumbnail","6":"product_cat-creation-en-stock","8":"first","9":"instock","10":"sale","11":"taxable","12":"shipping-taxable","13":"purchasable","14":"product-type-variable"},"jetpack_sharing_enabled":true,"_links":{"self":[{"href":"https:\/\/lescreac.fr\/index.php?rest_route=\/wp\/v2\/product\/4115","targetHints":{"allow":["GET"]}}],"collection":[{"href":"https:\/\/lescreac.fr\/index.php?rest_route=\/wp\/v2\/product"}],"about":[{"href":"https:\/\/lescreac.fr\/index.php?rest_route=\/wp\/v2\/types\/product"}],"replies":[{"embeddable":true,"href":"https:\/\/lescreac.fr\/index.php?rest_route=%2Fwp%2Fv2%2Fcomments&post=4115"}],"wp:featuredmedia":[{"embeddable":true,"href":"https:\/\/lescreac.fr\/index.php?rest_route=\/wp\/v2\/media\/4119"}],"wp:attachment":[{"href":"https:\/\/lescreac.fr\/index.php?rest_route=%2Fwp%2Fv2%2Fmedia&parent=4115"}],"wp:term":[{"taxonomy":"product_brand","embeddable":true,"href":"https:\/\/lescreac.fr\/index.php?rest_route=%2Fwp%2Fv2%2Fproduct_brand&post=4115"},{"taxonomy":"product_cat","embeddable":true,"href":"https:\/\/lescreac.fr\/index.php?rest_route=%2Fwp%2Fv2%2Fproduct_cat&post=4115"},{"taxonomy":"product_tag","embeddable":true,"href":"https:\/\/lescreac.fr\/index.php?rest_route=%2Fwp%2Fv2%2Fproduct_tag&post=4115"}],"curies":[{"name":"wp","href":"https:\/\/api.w.org\/{rel}","templated":true}]}}