{"id":4148,"date":"2025-11-30T17:49:12","date_gmt":"2025-11-30T17:49:12","guid":{"rendered":"https:\/\/lescreac.fr\/?post_type=product&#038;p=4148"},"modified":"2026-03-11T14:23:17","modified_gmt":"2026-03-11T14:23:17","slug":"sac-turritella","status":"publish","type":"product","link":"https:\/\/lescreac.fr\/?product=sac-turritella","title":{"rendered":"Turritella"},"content":{"rendered":"","protected":false},"excerpt":{"rendered":"<p>Inspir\u00e9 de la forme \u00e9lanc\u00e9e et spiral\u00e9e du coquillage, <strong>Turritella<\/strong>\u00a0incarne l\u2019\u00e9l\u00e9gance naturelle et la f\u00e9minit\u00e9. R\u00e9alis\u00e9 \u00e0 la main en <strong>tissu recycl\u00e9 au crochet<\/strong>, ce sac allie artisanat raffin\u00e9 et engagement \u00e9cologique, offrant une pi\u00e8ce unique \u00e0 chaque cr\u00e9ation.<\/p>\n<p>Son design d\u00e9licat, \u00e0 la fois l\u00e9ger et spacieux, sublime vos tenues avec discr\u00e9tion et caract\u00e8re, du quotidien aux moments les plus pr\u00e9cieux. <strong>Turritella<\/strong>\u00a0est disponible avec une anse raffin\u00e9e et une pochette de soie inclus, pour une allure citadine.<\/p>\n<p>Un accessoire intemporel, con\u00e7u pour celles qui aiment conjuguer style, conscience et \u00e9l\u00e9gance dans chaque d\u00e9tail.<\/p>\n","protected":false},"featured_media":4080,"comment_status":"closed","ping_status":"closed","template":"","meta":[],"product_brand":[],"product_cat":[27],"product_tag":[],"class_list":{"0":"post-4148","1":"product","2":"type-product","3":"status-publish","4":"has-post-thumbnail","6":"product_cat-creation-en-stock","8":"first","9":"instock","10":"sale","11":"taxable","12":"shipping-taxable","13":"purchasable","14":"product-type-simple"},"jetpack_sharing_enabled":true,"_links":{"self":[{"href":"https:\/\/lescreac.fr\/index.php?rest_route=\/wp\/v2\/product\/4148","targetHints":{"allow":["GET"]}}],"collection":[{"href":"https:\/\/lescreac.fr\/index.php?rest_route=\/wp\/v2\/product"}],"about":[{"href":"https:\/\/lescreac.fr\/index.php?rest_route=\/wp\/v2\/types\/product"}],"replies":[{"embeddable":true,"href":"https:\/\/lescreac.fr\/index.php?rest_route=%2Fwp%2Fv2%2Fcomments&post=4148"}],"wp:featuredmedia":[{"embeddable":true,"href":"https:\/\/lescreac.fr\/index.php?rest_route=\/wp\/v2\/media\/4080"}],"wp:attachment":[{"href":"https:\/\/lescreac.fr\/index.php?rest_route=%2Fwp%2Fv2%2Fmedia&parent=4148"}],"wp:term":[{"taxonomy":"product_brand","embeddable":true,"href":"https:\/\/lescreac.fr\/index.php?rest_route=%2Fwp%2Fv2%2Fproduct_brand&post=4148"},{"taxonomy":"product_cat","embeddable":true,"href":"https:\/\/lescreac.fr\/index.php?rest_route=%2Fwp%2Fv2%2Fproduct_cat&post=4148"},{"taxonomy":"product_tag","embeddable":true,"href":"https:\/\/lescreac.fr\/index.php?rest_route=%2Fwp%2Fv2%2Fproduct_tag&post=4148"}],"curies":[{"name":"wp","href":"https:\/\/api.w.org\/{rel}","templated":true}]}}