{"id":6264,"date":"2026-01-29T13:14:19","date_gmt":"2026-01-29T13:14:19","guid":{"rendered":"https:\/\/lescreac.fr\/?post_type=product&#038;p=6264"},"modified":"2026-03-11T15:01:11","modified_gmt":"2026-03-11T15:01:11","slug":"boucles-doreilles-coeurs","status":"publish","type":"product","link":"https:\/\/lescreac.fr\/?product=boucles-doreilles-coeurs","title":{"rendered":"Boucles d&rsquo;oreilles c\u0153urs"},"content":{"rendered":"","protected":false},"excerpt":{"rendered":"<p>\ud83d\udc9b Description produit \u2013 Boucles d\u2019oreilles c\u0153ur au crochet<\/p>\n<p>Ces boucles d\u2019oreilles en forme de c\u0153ur sont enti\u00e8rement faites \u00e0 la main au crochet, avec soin et amour \ud83e\udd0d<\/p>\n<p>Le c\u0153ur est r\u00e9alis\u00e9 en fil 100 % coton et\/ou avec du fil bambou, des mati\u00e8res naturelles, l\u00e9g\u00e8res et agr\u00e9ables \u00e0 porter.<\/p>\n<p>Mont\u00e9es sur un anneau dor\u00e9 \u00e9l\u00e9gant en acier inoxydable, elles apportent une touche \u00e0 la fois boh\u00e8me, douce et f\u00e9minine \u00e0 toutes vos tenues, du quotidien aux occasions sp\u00e9ciales.<\/p>\n<p>\u2728 Chaque paire est unique, les l\u00e9g\u00e8res variations font tout le charme de l\u2019artisanat.<\/p>\n<p>\u2728 D\u00e9tails :<\/p>\n<p>Fait main au crochet<\/p>\n<p>Fil : 100 % coton ou coton\/bambou<\/p>\n<p>Mati\u00e8res naturelles et l\u00e9g\u00e8res<\/p>\n<p>Forme : c\u0153ur<\/p>\n<p>Attaches dor\u00e9es en acier inoxydable<\/p>\n<p>Tr\u00e8s confortables \u00e0 porter<\/p>\n<p>\ud83c\udf3f Pourquoi on les aime :<\/p>\n<p>Style d\u00e9licat et original<\/p>\n<p>Mati\u00e8res naturelles<\/p>\n<p>Parfaites pour un look boh\u00e8me, romantique ou casual<\/p>\n<p>Id\u00e9e cadeau pleine de douceur<\/p>\n","protected":false},"featured_media":6287,"comment_status":"closed","ping_status":"closed","template":"","meta":[],"product_brand":[],"product_cat":[38],"product_tag":[],"class_list":{"0":"post-6264","1":"product","2":"type-product","3":"status-publish","4":"has-post-thumbnail","6":"product_cat-boucles-doreilles","8":"first","9":"instock","10":"taxable","11":"shipping-taxable","12":"purchasable","13":"product-type-variable"},"jetpack_sharing_enabled":true,"_links":{"self":[{"href":"https:\/\/lescreac.fr\/index.php?rest_route=\/wp\/v2\/product\/6264","targetHints":{"allow":["GET"]}}],"collection":[{"href":"https:\/\/lescreac.fr\/index.php?rest_route=\/wp\/v2\/product"}],"about":[{"href":"https:\/\/lescreac.fr\/index.php?rest_route=\/wp\/v2\/types\/product"}],"replies":[{"embeddable":true,"href":"https:\/\/lescreac.fr\/index.php?rest_route=%2Fwp%2Fv2%2Fcomments&post=6264"}],"wp:featuredmedia":[{"embeddable":true,"href":"https:\/\/lescreac.fr\/index.php?rest_route=\/wp\/v2\/media\/6287"}],"wp:attachment":[{"href":"https:\/\/lescreac.fr\/index.php?rest_route=%2Fwp%2Fv2%2Fmedia&parent=6264"}],"wp:term":[{"taxonomy":"product_brand","embeddable":true,"href":"https:\/\/lescreac.fr\/index.php?rest_route=%2Fwp%2Fv2%2Fproduct_brand&post=6264"},{"taxonomy":"product_cat","embeddable":true,"href":"https:\/\/lescreac.fr\/index.php?rest_route=%2Fwp%2Fv2%2Fproduct_cat&post=6264"},{"taxonomy":"product_tag","embeddable":true,"href":"https:\/\/lescreac.fr\/index.php?rest_route=%2Fwp%2Fv2%2Fproduct_tag&post=6264"}],"curies":[{"name":"wp","href":"https:\/\/api.w.org\/{rel}","templated":true}]}}