{"id":6420,"date":"2026-02-01T20:26:48","date_gmt":"2026-02-01T20:26:48","guid":{"rendered":"https:\/\/lescreac.fr\/?post_type=product&#038;p=6420"},"modified":"2026-02-01T20:57:11","modified_gmt":"2026-02-01T20:57:11","slug":"bracelets-fleurs-copie","status":"publish","type":"product","link":"https:\/\/lescreac.fr\/?product=bracelets-fleurs-copie","title":{"rendered":"Bracelets hommes"},"content":{"rendered":"","protected":false},"excerpt":{"rendered":"<p>Affirmez votre style avec ce bracelet homme au design tress\u00e9, \u00e0 la fois moderne et authentique. Enti\u00e8rement r\u00e9alis\u00e9 \u00e0 la main \u00e0 partir de tissus recycl\u00e9s, il incarne une mode plus responsable sans compromis sur l\u2019esth\u00e9tique.<\/p>\n<p>Son tressage apporte du caract\u00e8re et une touche masculine affirm\u00e9e, tandis que son fermoir en acier inoxydable assure une tenue fiable et durable au quotidien. Confortable et r\u00e9sistant, ce bracelet se porte aussi bien seul qu\u2019en accumulation, pour un look d\u00e9contract\u00e9 ou plus urbain.<\/p>\n<p>\u267b\ufe0f Caract\u00e9ristiques :<\/p>\n<p>Fait main<\/p>\n<p>Confectionn\u00e9 \u00e0 partir de tissus recycl\u00e9s<\/p>\n<p>Fermoir en acier inoxydable<\/p>\n<p>R\u00e9sistant et confortable<\/p>\n<p>Style masculin, moderne et intemporel<\/p>\n","protected":false},"featured_media":6430,"comment_status":"closed","ping_status":"closed","template":"","meta":[],"product_brand":[],"product_cat":[37],"product_tag":[],"class_list":{"0":"post-6420","1":"product","2":"type-product","3":"status-publish","4":"has-post-thumbnail","6":"product_cat-bracelets","8":"first","9":"instock","10":"taxable","11":"shipping-taxable","12":"purchasable","13":"product-type-variable"},"jetpack_sharing_enabled":true,"_links":{"self":[{"href":"https:\/\/lescreac.fr\/index.php?rest_route=\/wp\/v2\/product\/6420","targetHints":{"allow":["GET"]}}],"collection":[{"href":"https:\/\/lescreac.fr\/index.php?rest_route=\/wp\/v2\/product"}],"about":[{"href":"https:\/\/lescreac.fr\/index.php?rest_route=\/wp\/v2\/types\/product"}],"replies":[{"embeddable":true,"href":"https:\/\/lescreac.fr\/index.php?rest_route=%2Fwp%2Fv2%2Fcomments&post=6420"}],"wp:featuredmedia":[{"embeddable":true,"href":"https:\/\/lescreac.fr\/index.php?rest_route=\/wp\/v2\/media\/6430"}],"wp:attachment":[{"href":"https:\/\/lescreac.fr\/index.php?rest_route=%2Fwp%2Fv2%2Fmedia&parent=6420"}],"wp:term":[{"taxonomy":"product_brand","embeddable":true,"href":"https:\/\/lescreac.fr\/index.php?rest_route=%2Fwp%2Fv2%2Fproduct_brand&post=6420"},{"taxonomy":"product_cat","embeddable":true,"href":"https:\/\/lescreac.fr\/index.php?rest_route=%2Fwp%2Fv2%2Fproduct_cat&post=6420"},{"taxonomy":"product_tag","embeddable":true,"href":"https:\/\/lescreac.fr\/index.php?rest_route=%2Fwp%2Fv2%2Fproduct_tag&post=6420"}],"curies":[{"name":"wp","href":"https:\/\/api.w.org\/{rel}","templated":true}]}}