{"id":871,"date":"2025-11-29T20:42:46","date_gmt":"2025-11-29T20:42:46","guid":{"rendered":"https:\/\/lescreac.fr\/?post_type=product&#038;p=871"},"modified":"2026-03-21T20:08:15","modified_gmt":"2026-03-21T20:08:15","slug":"maya","status":"publish","type":"product","link":"https:\/\/lescreac.fr\/?product=maya","title":{"rendered":"Maya"},"content":{"rendered":"","protected":false},"excerpt":{"rendered":"<p>D\u00e9couvrez Maya, un sac chic et artisanal\u00a0con\u00e7u pour allier style et conscience \u00e9cologique. Crochet\u00e9 \u00e0 la main avec des tissus recycl\u00e9s, chaque pi\u00e8ce est unique, refl\u00e9tant le savoir-faire et la cr\u00e9ativit\u00e9 du fait main.<\/p>\n<p>Maya\u00a0est id\u00e9al pour transporter vos essentiels du quotidien sans compromis sur le style. Disponible en plusieurs coloris, il s\u2019adapte \u00e0 toutes vos tenues et toutes vos occasions, du look d\u00e9contract\u00e9 \u00e0 la tenue la plus sophistiqu\u00e9e.<\/p>\n<p>Faites le choix d\u2019un accessoire \u00e9l\u00e9gant, pratique et responsable\u00a0avec Maya, le sac qui allie style et conscience \u00e9cologique\u00a0au quotidien.<\/p>\n<p>Dimensions : 20*7*18 cm environ<\/p>\n<p>Confectionn\u00e9 avec du fil textile recyclage 100% coton.<\/p>\n<p>Conseil d&rsquo;entretien : Lavage \u00e0 la main, \u00e0 l&rsquo;eau froide ou 30%. Utilisation d&rsquo;un savon doux ou lessive ou \u00e9ponge magique, \u00e9viter de mouiller les accessoires m\u00e9talliques.<\/p>\n","protected":false},"featured_media":1462,"comment_status":"closed","ping_status":"closed","template":"","meta":[],"product_brand":[],"product_cat":[23],"product_tag":[],"class_list":{"0":"post-871","1":"product","2":"type-product","3":"status-publish","4":"has-post-thumbnail","6":"product_cat-creation-sur-mesure","8":"first","9":"instock","10":"taxable","11":"shipping-taxable","12":"purchasable","13":"product-type-variable"},"jetpack_sharing_enabled":true,"_links":{"self":[{"href":"https:\/\/lescreac.fr\/index.php?rest_route=\/wp\/v2\/product\/871","targetHints":{"allow":["GET"]}}],"collection":[{"href":"https:\/\/lescreac.fr\/index.php?rest_route=\/wp\/v2\/product"}],"about":[{"href":"https:\/\/lescreac.fr\/index.php?rest_route=\/wp\/v2\/types\/product"}],"replies":[{"embeddable":true,"href":"https:\/\/lescreac.fr\/index.php?rest_route=%2Fwp%2Fv2%2Fcomments&post=871"}],"wp:featuredmedia":[{"embeddable":true,"href":"https:\/\/lescreac.fr\/index.php?rest_route=\/wp\/v2\/media\/1462"}],"wp:attachment":[{"href":"https:\/\/lescreac.fr\/index.php?rest_route=%2Fwp%2Fv2%2Fmedia&parent=871"}],"wp:term":[{"taxonomy":"product_brand","embeddable":true,"href":"https:\/\/lescreac.fr\/index.php?rest_route=%2Fwp%2Fv2%2Fproduct_brand&post=871"},{"taxonomy":"product_cat","embeddable":true,"href":"https:\/\/lescreac.fr\/index.php?rest_route=%2Fwp%2Fv2%2Fproduct_cat&post=871"},{"taxonomy":"product_tag","embeddable":true,"href":"https:\/\/lescreac.fr\/index.php?rest_route=%2Fwp%2Fv2%2Fproduct_tag&post=871"}],"curies":[{"name":"wp","href":"https:\/\/api.w.org\/{rel}","templated":true}]}}